{"id":234,"date":"2017-08-24T12:04:28","date_gmt":"2017-08-24T10:04:28","guid":{"rendered":"https:\/\/mkaf.no\/?page_id=234"},"modified":"2020-01-06T11:04:56","modified_gmt":"2020-01-06T10:04:56","slug":"om-oss","status":"publish","type":"page","link":"https:\/\/mkaf.no\/?page_id=234","title":{"rendered":"Om oss"},"content":{"rendered":"<p>Her er litt informasjon om oss og v\u00e5r virksomhet.<\/p>\n<h3>Medlemstall<\/h3>\n<p>pr. 21.10.15<\/p>\n<p>Antall aktive : 421<br \/>\nAntall pensjonister : 252<br \/>\nAntall medlemmer totalt: 673<\/p>\n<h3>Historie<\/h3>\n<p>Kl. 1400 15. desember 1956, ble det etter initiativ fra Magnus Solbakk avholdt et m\u00f8te med hensikt \u00e5 danne ei fagforening i Mosj\u00f8en. Solbakk ble selv valgt til den f\u00f8rste lederen av Mosj\u00f8en Kjemiske Arbeiderforening, avdeling 152 av Norsk Kjemisk Industriarbeiderforbund (<a href=\"http:\/\/www.industrienergi.no\/\" target=\"_blank\" rel=\"noopener noreferrer\">IndustriEnergi<\/a>\u00a0fra 4. september 2006).<\/p>\n<p>Det f\u00f8rste styret i fagforeninga besto av Solbakk (leder), O.J.Wika (nestleder), Henry Hansen (sekret\u00e6r), Andr\u00e9 Utnes (kasserer) og Kjartan Nord\u00e5s (styremedlem).<\/p>\n<h3>Ledere av MKAF<\/h3>\n<p>1956 &#8211; 57: Magnus Solbakk<br \/>\n1958 : Fridolf Thoresson<br \/>\n1959 : Brynvald Furre<br \/>\n1960 &#8211; 64: Karl Alsg\u00e5rd<br \/>\n1965 &#8211; 66: Jan Tver\u00e5<br \/>\n1967 &#8211; 78: Audun Alm\u00e5s<br \/>\n1979 &#8211; 85: Sten St\u00e5le Sortland<br \/>\n1986 &#8211; 90: Odd Eriksen<br \/>\n1991 : Tom Eilertsen<br \/>\n1992 &#8211; 96: Stig Sander\u00f8y<br \/>\n1997 : Tom Eilertsen<br \/>\n1997 &#8211; 98: Per Storvik<br \/>\n1998 &#8211; 99: Roar Aanvik<br \/>\n2000 &#8211; 12: Jan &#8211; Ivar Myrflott<br \/>\n2012 &#8211; : Rune Krut\u00e5<\/p>\n<p>&nbsp;<\/p>\n","protected":false},"excerpt":{"rendered":"<p>Her er litt informasjon om oss og v\u00e5r virksomhet. Medlemstall pr. 21.10.15 Antall aktive : 421 Antall pensjonister : 252 Antall medlemmer totalt: 673 Historie Kl. 1400 15. desember 1956, ble det etter initiativ fra Magnus Solbakk avholdt et m\u00f8te med hensikt \u00e5 danne ei fagforening i Mosj\u00f8en. Solbakk ble selv valgt til den f\u00f8rste &#8230; <a title=\"Om oss\" class=\"read-more\" href=\"https:\/\/mkaf.no\/?page_id=234\" aria-label=\"Read more about Om oss\">Les mer<\/a><\/p>\n","protected":false},"author":1,"featured_media":0,"parent":0,"menu_order":11,"comment_status":"closed","ping_status":"closed","template":"","meta":{"generate_page_header":"","footnotes":""},"class_list":["post-234","page","type-page","status-publish"],"_links":{"self":[{"href":"https:\/\/mkaf.no\/index.php?rest_route=\/wp\/v2\/pages\/234","targetHints":{"allow":["GET"]}}],"collection":[{"href":"https:\/\/mkaf.no\/index.php?rest_route=\/wp\/v2\/pages"}],"about":[{"href":"https:\/\/mkaf.no\/index.php?rest_route=\/wp\/v2\/types\/page"}],"author":[{"embeddable":true,"href":"https:\/\/mkaf.no\/index.php?rest_route=\/wp\/v2\/users\/1"}],"replies":[{"embeddable":true,"href":"https:\/\/mkaf.no\/index.php?rest_route=%2Fwp%2Fv2%2Fcomments&post=234"}],"version-history":[{"count":5,"href":"https:\/\/mkaf.no\/index.php?rest_route=\/wp\/v2\/pages\/234\/revisions"}],"predecessor-version":[{"id":6150,"href":"https:\/\/mkaf.no\/index.php?rest_route=\/wp\/v2\/pages\/234\/revisions\/6150"}],"wp:attachment":[{"href":"https:\/\/mkaf.no\/index.php?rest_route=%2Fwp%2Fv2%2Fmedia&parent=234"}],"curies":[{"name":"wp","href":"https:\/\/api.w.org\/{rel}","templated":true}]}}