{"id":52,"date":"2017-06-01T22:19:52","date_gmt":"2017-06-01T20:19:52","guid":{"rendered":"https:\/\/mkaf.no\/?page_id=52"},"modified":"2020-01-06T11:03:27","modified_gmt":"2020-01-06T10:03:27","slug":"kontakt","status":"publish","type":"page","link":"https:\/\/mkaf.no\/?page_id=52","title":{"rendered":"Kontakt"},"content":{"rendered":"<p>Vi holder til inne p\u00e5 Alcoa Mosj\u00f8en, bak velferdsbygget ved hovedporten.<br \/>\nBes\u00f8kende utenfra m\u00e5 registrere seg i portvakta f\u00f8rst.<br \/>\nKontortid: Man-fre 0700-1500<\/p>\n<p><a href=\"https:\/\/mkaf.no\/kart\/\">Vis p\u00e5 kart hvor vi holder til<\/a>.<br \/>\nSe nederst p\u00e5 siden for mer <a href=\"#kontaktinfo\">kontaktinfo<\/a>.<\/p>\n<p><strong>Her kan du sende oss en melding eller foresp\u00f8rsel:<\/strong><\/p>\n\n<div class=\"wpcf7 no-js\" id=\"wpcf7-f49-o1\" lang=\"nb-NO\" dir=\"ltr\" data-wpcf7-id=\"49\">\n<div class=\"screen-reader-response\"><p role=\"status\" aria-live=\"polite\" aria-atomic=\"true\"><\/p> <ul><\/ul><\/div>\n<form action=\"\/index.php?rest_route=%2Fwp%2Fv2%2Fpages%2F52#wpcf7-f49-o1\" method=\"post\" class=\"wpcf7-form init\" aria-label=\"Kontaktskjema\" novalidate=\"novalidate\" data-status=\"init\">\n<div style=\"display: none;\">\n<input type=\"hidden\" name=\"_wpcf7\" value=\"49\" \/>\n<input type=\"hidden\" name=\"_wpcf7_version\" value=\"6.0.3\" \/>\n<input type=\"hidden\" name=\"_wpcf7_locale\" value=\"nb_NO\" \/>\n<input type=\"hidden\" name=\"_wpcf7_unit_tag\" value=\"wpcf7-f49-o1\" \/>\n<input type=\"hidden\" name=\"_wpcf7_container_post\" value=\"0\" \/>\n<input type=\"hidden\" name=\"_wpcf7_posted_data_hash\" value=\"\" \/>\n<input type=\"hidden\" name=\"_wpcf7_recaptcha_response\" value=\"\" \/>\n<\/div>\n<p>Felt merket <span style=\"color:red\">*<\/span> er obligatorisk:\n<\/p>\n<p>Fra:<span style=\"color:red\">*<\/span><br \/>\n<span class=\"wpcf7-form-control-wrap\" data-name=\"your-name\"><input size=\"40\" maxlength=\"400\" class=\"wpcf7-form-control wpcf7-text wpcf7-validates-as-required\" aria-required=\"true\" aria-invalid=\"false\" value=\"\" type=\"text\" name=\"your-name\" \/><\/span>\n<\/p>\n<p>Epost:<span style=\"color:red\">*<\/span><br \/>\n<span class=\"wpcf7-form-control-wrap\" data-name=\"your-email\"><input size=\"40\" maxlength=\"400\" class=\"wpcf7-form-control wpcf7-email wpcf7-validates-as-required wpcf7-text wpcf7-validates-as-email\" aria-required=\"true\" aria-invalid=\"false\" value=\"\" type=\"email\" name=\"your-email\" \/><\/span>\n<\/p>\n<p>Telefon:<br \/>\n<span class=\"wpcf7-form-control-wrap\" data-name=\"your-phone\"><input size=\"40\" maxlength=\"400\" class=\"wpcf7-form-control wpcf7-text\" aria-invalid=\"false\" value=\"\" type=\"text\" name=\"your-phone\" \/><\/span>\n<\/p>\n<p>Firma:<br \/>\n<span class=\"wpcf7-form-control-wrap\" data-name=\"your-firm\"><input size=\"40\" maxlength=\"400\" class=\"wpcf7-form-control wpcf7-text\" aria-invalid=\"false\" value=\"\" type=\"text\" name=\"your-firm\" \/><\/span>\n<\/p>\n<p>Adresse:<br \/>\n<span class=\"wpcf7-form-control-wrap\" data-name=\"your-address\"><input size=\"40\" maxlength=\"400\" class=\"wpcf7-form-control wpcf7-text\" aria-invalid=\"false\" value=\"\" type=\"text\" name=\"your-address\" \/><\/span>\n<\/p>\n<p>Melding: <span style=\"color:red\">*<\/span><span class=\"wpcf7-form-control-wrap\" data-name=\"your-message\"><textarea cols=\"40\" rows=\"10\" maxlength=\"2000\" class=\"wpcf7-form-control wpcf7-textarea wpcf7-validates-as-required\" aria-required=\"true\" aria-invalid=\"false\" name=\"your-message\"><\/textarea><\/span>\n<\/p>\n<p><input class=\"wpcf7-form-control wpcf7-submit has-spinner\" type=\"submit\" value=\"Send\" \/>\n<\/p><div class=\"wpcf7-response-output\" aria-hidden=\"true\"><\/div>\n<\/form>\n<\/div>\n\n","protected":false},"excerpt":{"rendered":"<p>Vi holder til inne p\u00e5 Alcoa Mosj\u00f8en, bak velferdsbygget ved hovedporten. Bes\u00f8kende utenfra m\u00e5 registrere seg i portvakta f\u00f8rst. Kontortid: Man-fre 0700-1500 Vis p\u00e5 kart hvor vi holder til. Se nederst p\u00e5 siden for mer kontaktinfo. Her kan du sende oss en melding eller foresp\u00f8rsel:<\/p>\n","protected":false},"author":1,"featured_media":0,"parent":0,"menu_order":14,"comment_status":"closed","ping_status":"closed","template":"","meta":{"generate_page_header":"","footnotes":""},"class_list":["post-52","page","type-page","status-publish"],"_links":{"self":[{"href":"https:\/\/mkaf.no\/index.php?rest_route=\/wp\/v2\/pages\/52","targetHints":{"allow":["GET"]}}],"collection":[{"href":"https:\/\/mkaf.no\/index.php?rest_route=\/wp\/v2\/pages"}],"about":[{"href":"https:\/\/mkaf.no\/index.php?rest_route=\/wp\/v2\/types\/page"}],"author":[{"embeddable":true,"href":"https:\/\/mkaf.no\/index.php?rest_route=\/wp\/v2\/users\/1"}],"replies":[{"embeddable":true,"href":"https:\/\/mkaf.no\/index.php?rest_route=%2Fwp%2Fv2%2Fcomments&post=52"}],"version-history":[{"count":3,"href":"https:\/\/mkaf.no\/index.php?rest_route=\/wp\/v2\/pages\/52\/revisions"}],"predecessor-version":[{"id":623,"href":"https:\/\/mkaf.no\/index.php?rest_route=\/wp\/v2\/pages\/52\/revisions\/623"}],"wp:attachment":[{"href":"https:\/\/mkaf.no\/index.php?rest_route=%2Fwp%2Fv2%2Fmedia&parent=52"}],"curies":[{"name":"wp","href":"https:\/\/api.w.org\/{rel}","templated":true}]}}