{"id":601,"date":"2019-01-16T12:38:02","date_gmt":"2019-01-16T11:38:02","guid":{"rendered":"https:\/\/mkaf.no\/?page_id=601"},"modified":"2020-01-06T11:03:27","modified_gmt":"2020-01-06T10:03:27","slug":"personvern","status":"publish","type":"page","link":"https:\/\/mkaf.no\/?page_id=601","title":{"rendered":"Personvern"},"content":{"rendered":"<p>Vi behandler personopplysninger i samsvar med personvernlovgivningen.<\/p>\n<p>Du er i utgangspunktet anonym n\u00e5r du bes\u00f8ker nettstedet v\u00e5rt.<br \/>\nDet blir ikke registrert navn, epostadresse, e.l., og det blir ikke lagt igjen<br \/>\nspesielle informasjonskapsler (cookies) i nettleseren din.<\/p>\n<p>Det eneste som blir registrert er IP-adressen det kobles opp fra.<br \/>\nDen gir ingen personlig identifikasjon, kun informasjon om<br \/>\nnettleser, tid og sider p\u00e5 nettstedet som bes\u00f8kes.<br \/>\nDette benyttes til statistisk m\u00e5ling av bruken av nettstedet.<\/p>\n","protected":false},"excerpt":{"rendered":"<p>Vi behandler personopplysninger i samsvar med personvernlovgivningen. Du er i utgangspunktet anonym n\u00e5r du bes\u00f8ker nettstedet v\u00e5rt. Det blir ikke registrert navn, epostadresse, e.l., og det blir ikke lagt igjen spesielle informasjonskapsler (cookies) i nettleseren din. Det eneste som blir registrert er IP-adressen det kobles opp fra. Den gir ingen personlig identifikasjon, kun informasjon om &#8230; <a title=\"Personvern\" class=\"read-more\" href=\"https:\/\/mkaf.no\/?page_id=601\" aria-label=\"Read more about Personvern\">Les mer<\/a><\/p>\n","protected":false},"author":1,"featured_media":0,"parent":0,"menu_order":16,"comment_status":"closed","ping_status":"closed","template":"","meta":{"generate_page_header":"","footnotes":""},"class_list":["post-601","page","type-page","status-publish"],"_links":{"self":[{"href":"https:\/\/mkaf.no\/index.php?rest_route=\/wp\/v2\/pages\/601","targetHints":{"allow":["GET"]}}],"collection":[{"href":"https:\/\/mkaf.no\/index.php?rest_route=\/wp\/v2\/pages"}],"about":[{"href":"https:\/\/mkaf.no\/index.php?rest_route=\/wp\/v2\/types\/page"}],"author":[{"embeddable":true,"href":"https:\/\/mkaf.no\/index.php?rest_route=\/wp\/v2\/users\/1"}],"replies":[{"embeddable":true,"href":"https:\/\/mkaf.no\/index.php?rest_route=%2Fwp%2Fv2%2Fcomments&post=601"}],"version-history":[{"count":1,"href":"https:\/\/mkaf.no\/index.php?rest_route=\/wp\/v2\/pages\/601\/revisions"}],"predecessor-version":[{"id":697,"href":"https:\/\/mkaf.no\/index.php?rest_route=\/wp\/v2\/pages\/601\/revisions\/697"}],"wp:attachment":[{"href":"https:\/\/mkaf.no\/index.php?rest_route=%2Fwp%2Fv2%2Fmedia&parent=601"}],"curies":[{"name":"wp","href":"https:\/\/api.w.org\/{rel}","templated":true}]}}