{"id":630,"date":"2020-01-01T22:49:50","date_gmt":"2020-01-01T21:49:50","guid":{"rendered":"https:\/\/mkaf.no\/?page_id=630"},"modified":"2020-01-06T11:04:03","modified_gmt":"2020-01-06T10:04:03","slug":"forsikringsordninger","status":"publish","type":"page","link":"https:\/\/mkaf.no\/?page_id=630","title":{"rendered":"Forsikringsordninger"},"content":{"rendered":"<h1>Endringer i MKAFs forsikringsordninger fra 1. oktober 2008<\/h1>\n<p><b>Fra og med 1.oktober 2008 har MKAF endret v\u00e5re forsikringer. Dette har blitt gjort etter behandling i MKAFs styre- og medlemsm\u00f8te.<\/b><\/p>\n<p>Fra samme dato har v\u00e5r uf\u00f8reforsikring og gruppelivsforsikring blitt flyttet fra Sparebank 1 til SAGA forsikring. V\u00e5re \u00f8vrige kollektive forsikringer som kollektiv hjem, fritidsulykkesforsikring og grunnforsikring har vi fortsatt gjennom Sparebank 1.<\/p>\n<p><b>Endringer Uf\u00f8reforsikring:<\/b><\/p>\n<ul>\n<li>Forsikringssum p\u00e5 6 G ved 50 % arbeidsuf\u00f8rhet eller mer i minst 2 \u00e5r.<\/li>\n<li>Etter 2 \u00e5r utbetales 20 % av forsikringssummen, ved fortsatt arbeidsuf\u00f8rhet etter 5 \u00e5r utbetales de resterende 80 %.<\/li>\n<li>Ved varig vedtak om arbeidsuf\u00f8rhet fra rikstrygdeverket kan hele summen utbetales etter 2 \u00e5r.<\/li>\n<li>Hele bel\u00f8pet kommer til utbetaling n\u00e5r arbeidsuf\u00f8rheten er klassifisert til mellom 50 og 100 %.<\/li>\n<li>Forsikringen gjelder i sin helhet frem til 60 \u00e5r, ingen nedtrapping fra 50 til 60 \u00e5r.<\/li>\n<\/ul>\n<p><b>Endringer Gruppelivsforsikringen:<\/b><\/p>\n<ul>\n<li>Forsikringssum p\u00e5 4 G<\/li>\n<li>Denne forsikringen dekker d\u00f8dsfall hos medlemmets ektefelle\/samboer (samboer m\u00e5 ha hatt felles adresse i 2 \u00e5r eller som har felles barn og felles bolig, og det ikke foreligger forhold som er til hinder for lovlig ekteskap)<\/li>\n<li>For medlemmer uten ektefelle\/samboer gjelder forsikringen for medlemmet.<\/li>\n<li>Kollektiv ulykkesforsikring er tatt vekk.<\/li>\n<li>Gjelder frem til fylte 60 \u00e5r.<\/li>\n<\/ul>\n<p><b>Total pris for begge ordningene er pr.dato kr: 290,- pr.m\u00e5ned<\/b><\/p>\n<p>Det arbeides fortsatt med \u00e5 f\u00e5 enda flere fagforeninger med i ordningen, lykkes vi med dette kan det bety ytterligere reduksjon i prisen.<\/p>\n<p><b>Viktigste endringer fra tidligere ordning:<\/b><\/p>\n<ul>\n<li>Ingen nedtrapping av uf\u00f8redekningen fra 50 til 60 \u00e5r.<\/li>\n<li>Uf\u00f8redekningen er \u00f8kt med 1 G.<\/li>\n<li>Tidligere gruppeliv for medlemmet var p\u00e5 116 00, ny ordning dekker ektefelle\/samboer og er \u00f8kt til 4 G.<\/li>\n<li>Kollektiv ulykke er tatt vekk.<\/li>\n<li>Prisreduksjon fra kr: 410,- pr.m\u00e5ned til kr: 290,- pr.m\u00e5ned.<\/li>\n<\/ul>\n<p>Gruppelivsdekning gjelder kun frem til 60 \u00e5r og ikke 67 \u00e5r.<\/p>\n<p>Pr. 1.mai 2008 er G= 70 256,-<\/p>\n<p>Har dere ytterligere sp\u00f8rsm\u00e5l, kan dere ta kontakt med MKAFs kontor. Vi stiller gjerne opp p\u00e5 gruppem\u00f8ter\/skiftm\u00f8ter for \u00e5 orientere om v\u00e5re forsikringer.<\/p>\n","protected":false},"excerpt":{"rendered":"<p>Endringer i MKAFs forsikringsordninger fra 1. oktober 2008 Fra og med 1.oktober 2008 har MKAF endret v\u00e5re forsikringer. Dette har blitt gjort etter behandling i MKAFs styre- og medlemsm\u00f8te. Fra samme dato har v\u00e5r uf\u00f8reforsikring og gruppelivsforsikring blitt flyttet fra Sparebank 1 til SAGA forsikring. V\u00e5re \u00f8vrige kollektive forsikringer som kollektiv hjem, fritidsulykkesforsikring og grunnforsikring &#8230; <a title=\"Forsikringsordninger\" class=\"read-more\" href=\"https:\/\/mkaf.no\/?page_id=630\" aria-label=\"Read more about Forsikringsordninger\">Les mer<\/a><\/p>\n","protected":false},"author":1,"featured_media":0,"parent":0,"menu_order":4,"comment_status":"closed","ping_status":"closed","template":"","meta":{"generate_page_header":"","footnotes":""},"class_list":["post-630","page","type-page","status-publish"],"_links":{"self":[{"href":"https:\/\/mkaf.no\/index.php?rest_route=\/wp\/v2\/pages\/630","targetHints":{"allow":["GET"]}}],"collection":[{"href":"https:\/\/mkaf.no\/index.php?rest_route=\/wp\/v2\/pages"}],"about":[{"href":"https:\/\/mkaf.no\/index.php?rest_route=\/wp\/v2\/types\/page"}],"author":[{"embeddable":true,"href":"https:\/\/mkaf.no\/index.php?rest_route=\/wp\/v2\/users\/1"}],"replies":[{"embeddable":true,"href":"https:\/\/mkaf.no\/index.php?rest_route=%2Fwp%2Fv2%2Fcomments&post=630"}],"version-history":[{"count":3,"href":"https:\/\/mkaf.no\/index.php?rest_route=\/wp\/v2\/pages\/630\/revisions"}],"predecessor-version":[{"id":636,"href":"https:\/\/mkaf.no\/index.php?rest_route=\/wp\/v2\/pages\/630\/revisions\/636"}],"wp:attachment":[{"href":"https:\/\/mkaf.no\/index.php?rest_route=%2Fwp%2Fv2%2Fmedia&parent=630"}],"curies":[{"name":"wp","href":"https:\/\/api.w.org\/{rel}","templated":true}]}}