{"id":654,"date":"2020-01-06T00:54:26","date_gmt":"2020-01-05T23:54:26","guid":{"rendered":"https:\/\/mkaf.no\/?page_id=654"},"modified":"2021-11-12T09:29:53","modified_gmt":"2021-11-12T08:29:53","slug":"medlemsforsikringer","status":"publish","type":"page","link":"https:\/\/mkaf.no\/?page_id=654","title":{"rendered":"Medlemsforsikringer"},"content":{"rendered":"<p>Som medlem av MKAF har du bl.a. disse forsikringene inkludert i medlemskapet.<\/p>\n<h3>LO FAV\u00d8R GRUNNFORSIKRING<\/h3>\n<p>Grunnforsikringen er en mindre livsforsikring som er ment til \u00e5 v\u00e6re en \u00f8konomisk f\u00f8rstehjelp ved d\u00f8dsfall hos medlem, dennes ektefelle\/samboer eller hjemmeboende barn under 21 \u00e5r.<br \/>\nForsikringen gjelder s\u00e5 lenge du er medlem.<br \/>\nGjelder d\u00f8dsfall uansett \u00e5rsak. Kostnadene ved forsikringen er inkludert i medlemsskapet.<br \/>\nVed d\u00f8dsfall ta kontakt med MKAFs kontor.<\/p>\n<h3>LO FAV\u00d8R FRITIDSULYKKEFORSIKRING<\/h3>\n<p>Dette er en mindre ulykkesforsikring som gjelder ulykkesskader i fritiden. Ordningen gjelder kun for medlemmer frem til fylte 67 \u00e5r.<br \/>\nVed d\u00f8dsfall som f\u00f8lge av en ulykke i fritiden bel\u00f8per erstatningen seg til kr: 100 000,-. For medlemmer uten fors\u00f8rgeransvar er erstatningsbel\u00f8pet kr: 10 000,-<br \/>\nVed invaliditet som f\u00f8lge av en ulykkesskade i fritiden er erstatningsbel\u00f8pet inntil kr: 200 000,-<br \/>\nKostnadene ved forsikringen er inkludert i medlemskontigenten.<br \/>\nVed skade henvender du deg til MKAFs kontor.<\/p>\n<h3>KOLLEKTIV HJEM FORSIKRING<\/h3>\n<p>LO Fav\u00f8r kollektiv hjemforsikring er en del av ditt medlemsskap i MKAF og Kjemisk Forbund.<br \/>\nForsikringen dekker vanlige tap og skader p\u00e5 innbo og l\u00f8s\u00f8re.<br \/>\nForsikringen har ingen \u00f8vre erstatningsgrense unntaket er enkeltgjenstander som har en \u00f8vre erstatningsgrense p\u00e5 inntil kr: 100 000,-<br \/>\nEgenandelen er p\u00e5 kr: 3 000,- men er det to eller flere i husstanden som har kollektiv hjem bortfaller egenandelen.<br \/>\nVed skade eller tap som dekkes av kollektiv hjem kan du henvende deg til Sparebank 1 enten pr.telefon eller ved personlig oppm\u00f8te.<br \/>\nKostnadene ved forsikringen er inkludert i medlemskontigenten.<br \/>\nFra og med 01.01.07 er ogs\u00e5 toppsikringen inkludert i kollektiv hjem forsikringen.<\/p>\n<h3>MKAFs UF\u00d8REFORSIKRING<\/h3>\n<p>Uf\u00f8reforsikringen opph\u00f8rte fra 31.12.16.<\/p>\n<h3>MKAFs GRUPPELIVFORSIKRING<\/h3>\n<p>Forsikringen opph\u00f8rte fra 1.1.16.<\/p>\n<p><a href=\"https:\/\/mkaf.no\/wp-content\/uploads\/2020\/01\/mosjoen_gruppeliv_og_uforhet.pdf\" target=\"_blank\" rel=\"noopener noreferrer\">Se informasjonsfolder fra Pareto om gruppeliv- \/ uf\u00f8reforsikring.<\/a><\/p>\n<h3>REISEFORSIKRING<\/h3>\n<p>MKAF inngikk v\u00e5ren 2002 en avtale om reiseforsikring med Europeiske reiseforsikring.<br \/>\nForsikringen er en hel\u00e5rs reiseforsikring som dekker medlemmet, ektefelle\/samboer samt barn under 20 \u00e5r.<br \/>\nI forsikringen er det ogs\u00e5 inkludert avbestillingsforsikring.<br \/>\nOrdningen krever ingen overnatting for at du skal v\u00e6re dekket p\u00e5 reisen. Ordningen har ingen egenandel om du skulle bli utsatt for uhell\/sykdom p\u00e5 reisen.<br \/>\nDette er en frivillig ordning som den enkelte m\u00e5 henvende seg til MKAFs kontor for \u00e5 tegne seg p\u00e5.<br \/>\nOrdningen koster kr: 1150,- pr.\u00e5r.<\/p>\n<p>&nbsp;<\/p>\n","protected":false},"excerpt":{"rendered":"<p>Som medlem av MKAF har du bl.a. disse forsikringene inkludert i medlemskapet. LO FAV\u00d8R GRUNNFORSIKRING Grunnforsikringen er en mindre livsforsikring som er ment til \u00e5 v\u00e6re en \u00f8konomisk f\u00f8rstehjelp ved d\u00f8dsfall hos medlem, dennes ektefelle\/samboer eller hjemmeboende barn under 21 \u00e5r. Forsikringen gjelder s\u00e5 lenge du er medlem. Gjelder d\u00f8dsfall uansett \u00e5rsak. Kostnadene ved forsikringen &#8230; <a title=\"Medlemsforsikringer\" class=\"read-more\" href=\"https:\/\/mkaf.no\/?page_id=654\" aria-label=\"Read more about Medlemsforsikringer\">Les mer<\/a><\/p>\n","protected":false},"author":1,"featured_media":0,"parent":0,"menu_order":3,"comment_status":"closed","ping_status":"closed","template":"","meta":{"generate_page_header":"","footnotes":""},"class_list":["post-654","page","type-page","status-publish"],"_links":{"self":[{"href":"https:\/\/mkaf.no\/index.php?rest_route=\/wp\/v2\/pages\/654","targetHints":{"allow":["GET"]}}],"collection":[{"href":"https:\/\/mkaf.no\/index.php?rest_route=\/wp\/v2\/pages"}],"about":[{"href":"https:\/\/mkaf.no\/index.php?rest_route=\/wp\/v2\/types\/page"}],"author":[{"embeddable":true,"href":"https:\/\/mkaf.no\/index.php?rest_route=\/wp\/v2\/users\/1"}],"replies":[{"embeddable":true,"href":"https:\/\/mkaf.no\/index.php?rest_route=%2Fwp%2Fv2%2Fcomments&post=654"}],"version-history":[{"count":6,"href":"https:\/\/mkaf.no\/index.php?rest_route=\/wp\/v2\/pages\/654\/revisions"}],"predecessor-version":[{"id":6148,"href":"https:\/\/mkaf.no\/index.php?rest_route=\/wp\/v2\/pages\/654\/revisions\/6148"}],"wp:attachment":[{"href":"https:\/\/mkaf.no\/index.php?rest_route=%2Fwp%2Fv2%2Fmedia&parent=654"}],"curies":[{"name":"wp","href":"https:\/\/api.w.org\/{rel}","templated":true}]}}