{"id":660,"date":"2020-01-06T00:55:17","date_gmt":"2020-01-05T23:55:17","guid":{"rendered":"https:\/\/mkaf.no\/?page_id=660"},"modified":"2020-01-06T11:04:13","modified_gmt":"2020-01-06T10:04:13","slug":"kursmuligheter","status":"publish","type":"page","link":"https:\/\/mkaf.no\/?page_id=660","title":{"rendered":"Kursmuligheter"},"content":{"rendered":"<p>Som medlem av MKAF vil du ha muligheten til \u00e5 s\u00f8ke p\u00e5 kurs og konferanser i regi av MKAF, IndustriEnergi eller LO.<\/p>\n<p>For \u00e5 finne oversikt over ulike kurs kan du se p\u00e5 disse nettsidene:<\/p>\n<ul>\n<li><a href=\"http:\/\/www.aof.no\/\" target=\"_blank\" rel=\"noopener noreferrer\">AOF<\/a><\/li>\n<li><a href=\"http:\/\/kompetanse.industrienergi.no\/\" target=\"_blank\" rel=\"noopener noreferrer\">IndustriEnergis kursside<\/a><\/li>\n<li><a href=\"http:\/\/www.lo.no\/s\/Medlemskap\/Opplaring\/?tabid=119\" target=\"_blank\" rel=\"noopener noreferrer\">LOs oppl\u00e6ringsside<\/a><\/li>\n<\/ul>\n<p>&nbsp;<\/p>\n","protected":false},"excerpt":{"rendered":"<p>Som medlem av MKAF vil du ha muligheten til \u00e5 s\u00f8ke p\u00e5 kurs og konferanser i regi av MKAF, IndustriEnergi eller LO. For \u00e5 finne oversikt over ulike kurs kan du se p\u00e5 disse nettsidene: AOF IndustriEnergis kursside LOs oppl\u00e6ringsside &nbsp;<\/p>\n","protected":false},"author":1,"featured_media":0,"parent":0,"menu_order":6,"comment_status":"closed","ping_status":"closed","template":"","meta":{"generate_page_header":"","footnotes":""},"class_list":["post-660","page","type-page","status-publish"],"_links":{"self":[{"href":"https:\/\/mkaf.no\/index.php?rest_route=\/wp\/v2\/pages\/660","targetHints":{"allow":["GET"]}}],"collection":[{"href":"https:\/\/mkaf.no\/index.php?rest_route=\/wp\/v2\/pages"}],"about":[{"href":"https:\/\/mkaf.no\/index.php?rest_route=\/wp\/v2\/types\/page"}],"author":[{"embeddable":true,"href":"https:\/\/mkaf.no\/index.php?rest_route=\/wp\/v2\/users\/1"}],"replies":[{"embeddable":true,"href":"https:\/\/mkaf.no\/index.php?rest_route=%2Fwp%2Fv2%2Fcomments&post=660"}],"version-history":[{"count":3,"href":"https:\/\/mkaf.no\/index.php?rest_route=\/wp\/v2\/pages\/660\/revisions"}],"predecessor-version":[{"id":679,"href":"https:\/\/mkaf.no\/index.php?rest_route=\/wp\/v2\/pages\/660\/revisions\/679"}],"wp:attachment":[{"href":"https:\/\/mkaf.no\/index.php?rest_route=%2Fwp%2Fv2%2Fmedia&parent=660"}],"curies":[{"name":"wp","href":"https:\/\/api.w.org\/{rel}","templated":true}]}}