{"id":663,"date":"2020-01-06T00:56:10","date_gmt":"2020-01-05T23:56:10","guid":{"rendered":"https:\/\/mkaf.no\/?page_id=663"},"modified":"2020-01-06T11:04:13","modified_gmt":"2020-01-06T10:04:13","slug":"kontingent","status":"publish","type":"page","link":"https:\/\/mkaf.no\/?page_id=663","title":{"rendered":"Kontingent"},"content":{"rendered":"<p>Hvert medlem betaler 1,55 % av brutto l\u00f8nn i kontingent.<br \/>\nAv dette g\u00e5r 0,25 % til MKAF , mens 1,3 % g\u00e5r til Industri Energi.<\/p>\n<p>&nbsp;<\/p>\n","protected":false},"excerpt":{"rendered":"<p>Hvert medlem betaler 1,55 % av brutto l\u00f8nn i kontingent. Av dette g\u00e5r 0,25 % til MKAF , mens 1,3 % g\u00e5r til Industri Energi. &nbsp;<\/p>\n","protected":false},"author":1,"featured_media":0,"parent":0,"menu_order":7,"comment_status":"closed","ping_status":"closed","template":"","meta":{"generate_page_header":"","footnotes":""},"class_list":["post-663","page","type-page","status-publish"],"_links":{"self":[{"href":"https:\/\/mkaf.no\/index.php?rest_route=\/wp\/v2\/pages\/663","targetHints":{"allow":["GET"]}}],"collection":[{"href":"https:\/\/mkaf.no\/index.php?rest_route=\/wp\/v2\/pages"}],"about":[{"href":"https:\/\/mkaf.no\/index.php?rest_route=\/wp\/v2\/types\/page"}],"author":[{"embeddable":true,"href":"https:\/\/mkaf.no\/index.php?rest_route=\/wp\/v2\/users\/1"}],"replies":[{"embeddable":true,"href":"https:\/\/mkaf.no\/index.php?rest_route=%2Fwp%2Fv2%2Fcomments&post=663"}],"version-history":[{"count":2,"href":"https:\/\/mkaf.no\/index.php?rest_route=\/wp\/v2\/pages\/663\/revisions"}],"predecessor-version":[{"id":680,"href":"https:\/\/mkaf.no\/index.php?rest_route=\/wp\/v2\/pages\/663\/revisions\/680"}],"wp:attachment":[{"href":"https:\/\/mkaf.no\/index.php?rest_route=%2Fwp%2Fv2%2Fmedia&parent=663"}],"curies":[{"name":"wp","href":"https:\/\/api.w.org\/{rel}","templated":true}]}}