{"id":666,"date":"2020-01-06T01:05:19","date_gmt":"2020-01-06T00:05:19","guid":{"rendered":"https:\/\/mkaf.no\/?page_id=666"},"modified":"2020-01-06T11:04:24","modified_gmt":"2020-01-06T10:04:24","slug":"overenskomst","status":"publish","type":"page","link":"https:\/\/mkaf.no\/?page_id=666","title":{"rendered":"Overenskomst"},"content":{"rendered":"<p><b>MKAF er en del av overenskomsten for den Elektrokjemiske Industri.<\/b><\/p>\n<p>Overenskomsten gjelder for ca. 40 bedrifter innen Elektrokjemisk Industri.<\/p>\n<p>Overenskomsten er en minstel\u00f8nnsoverenskomst noe som betyr at vilk\u00e5rene i v\u00e5r bedrift kan v\u00e6re bedre enn det som st\u00e5r i overenskomsten. Dette vil det da foreligge en lokal s\u00e6ravtale p\u00e5.<\/p>\n<p>I overenskomsten vil du finne svar p\u00e5 sp\u00f8rsm\u00e5l omkring:<\/p>\n<ul>\n<li>Arbeidstidsbestemmelser<\/li>\n<li>Alminnelige l\u00f8nnsbestemmelser<\/li>\n<li>L\u00e6rlinger<\/li>\n<li>Vaktordninger<\/li>\n<li>Ferie<\/li>\n<li>Velferdspermisjoner<\/li>\n<li>Sluttvederlagsordningen<\/li>\n<li>Opplysning og utviklingsfondet<\/li>\n<li>Avtalefeste pensjon ( AFP)<\/li>\n<li>Ekstraferie for eldre arbeidstakere<\/li>\n<\/ul>\n<p>Nedenfor vil du finne en link til hele teksten i overenskomsten.<\/p>\n<ul>\n<li><a href=\"http:\/\/industrienergi.no\/lonns-og-arbeidsvilkar\/tariffavtaler\/elektrokjemisk-industri\/?klubb=Mosj%C3%B8en%20Kjemiske%20Arbeiderforening\" target=\"_blank\" rel=\"noopener noreferrer\">Overenskomst for den Elektrokjemiske Industri<\/a><\/li>\n<li><a href=\"http:\/\/industrienergi.no\/lonns-og-arbeidsvilkar\/hovedavtaler\/lo-nho\/\" target=\"_blank\" rel=\"noopener noreferrer\">Hovedavtalen<\/a><\/li>\n<\/ul>\n<p>&nbsp;<\/p>\n","protected":false},"excerpt":{"rendered":"<p>MKAF er en del av overenskomsten for den Elektrokjemiske Industri. Overenskomsten gjelder for ca. 40 bedrifter innen Elektrokjemisk Industri. Overenskomsten er en minstel\u00f8nnsoverenskomst noe som betyr at vilk\u00e5rene i v\u00e5r bedrift kan v\u00e6re bedre enn det som st\u00e5r i overenskomsten. Dette vil det da foreligge en lokal s\u00e6ravtale p\u00e5. I overenskomsten vil du finne svar &#8230; <a title=\"Overenskomst\" class=\"read-more\" href=\"https:\/\/mkaf.no\/?page_id=666\" aria-label=\"Read more about Overenskomst\">Les mer<\/a><\/p>\n","protected":false},"author":1,"featured_media":0,"parent":0,"menu_order":8,"comment_status":"closed","ping_status":"closed","template":"","meta":{"generate_page_header":"","footnotes":""},"class_list":["post-666","page","type-page","status-publish"],"_links":{"self":[{"href":"https:\/\/mkaf.no\/index.php?rest_route=\/wp\/v2\/pages\/666","targetHints":{"allow":["GET"]}}],"collection":[{"href":"https:\/\/mkaf.no\/index.php?rest_route=\/wp\/v2\/pages"}],"about":[{"href":"https:\/\/mkaf.no\/index.php?rest_route=\/wp\/v2\/types\/page"}],"author":[{"embeddable":true,"href":"https:\/\/mkaf.no\/index.php?rest_route=\/wp\/v2\/users\/1"}],"replies":[{"embeddable":true,"href":"https:\/\/mkaf.no\/index.php?rest_route=%2Fwp%2Fv2%2Fcomments&post=666"}],"version-history":[{"count":2,"href":"https:\/\/mkaf.no\/index.php?rest_route=\/wp\/v2\/pages\/666\/revisions"}],"predecessor-version":[{"id":669,"href":"https:\/\/mkaf.no\/index.php?rest_route=\/wp\/v2\/pages\/666\/revisions\/669"}],"wp:attachment":[{"href":"https:\/\/mkaf.no\/index.php?rest_route=%2Fwp%2Fv2%2Fmedia&parent=666"}],"curies":[{"name":"wp","href":"https:\/\/api.w.org\/{rel}","templated":true}]}}