{"id":685,"date":"2020-01-06T10:52:33","date_gmt":"2020-01-06T09:52:33","guid":{"rendered":"https:\/\/mkaf.no\/?page_id=685"},"modified":"2020-01-06T11:04:37","modified_gmt":"2020-01-06T10:04:37","slug":"nyttig","status":"publish","type":"page","link":"https:\/\/mkaf.no\/?page_id=685","title":{"rendered":"Nyttig"},"content":{"rendered":"<h3>Linker<\/h3>\n<ul>\n<li><a href=\"http:\/\/www.industrienergi.no\/\" target=\"_blank\" rel=\"noopener noreferrer\">IndustriEnergi<\/a><\/li>\n<li><a href=\"http:\/\/industrienergi.no\/default.asp?cat=193\" target=\"_blank\" rel=\"noopener noreferrer\">Ukeslutt IndustriEnergi<\/a><\/li>\n<li><a href=\"http:\/\/www.lo.no\/\" target=\"_blank\" rel=\"noopener noreferrer\">LO<\/a><\/li>\n<li><a href=\"http:\/\/www.alcoa.com\/global\/en\/home.asp\" target=\"_blank\" rel=\"noopener noreferrer\">Alcoa<\/a><\/li>\n<li><a href=\"http:\/\/www.lofavor.no\/\" target=\"_blank\" rel=\"noopener noreferrer\">LO fav\u00f8r<\/a><\/li>\n<li><a href=\"http:\/\/www.lo.no\/Documents\/Lonn_tariff\/Hovedavt_lo-nho_web.pdf\" target=\"_blank\" rel=\"noopener noreferrer\">Hovedavtalen LO &#8211; NHO<\/a><\/li>\n<li><a href=\"https:\/\/mosjoen.com\/\" target=\"_blank\" rel=\"noopener noreferrer\">Mosj\u00f8en<\/a><\/li>\n<li><a href=\"http:\/\/www.vefsn.kommune.no\/\" target=\"_blank\" rel=\"noopener noreferrer\">Vefsn kommune<\/a><\/li>\n<\/ul>\n<h3>Medieoppslag<\/h3>\n<ul>\n<li><a href=\"https:\/\/www.helg.no\/nyheter\/mosjoen\/alcoa\/pa-et-sted-som-mosjoen-vil-hele-lokalsamfunnet-bli-skadelidende\/s\/5-24-177328\" target=\"_blank\" rel=\"noopener noreferrer\">P\u00e5 et sted som Mosj\u00f8en vil hele lokalsamfunnet bli skadelidende<\/a><\/li>\n<li><a href=\"https:\/\/www.helg.no\/nyheter\/kunnskapsparken\/bjorn-audun-riso\/vi-driver-med-opplevelsesbasert-reiseliv-og-har-fatt-god-hjelp-bade-med-faget-og-til-a-spisse-soknaden\/s\/5-24-177398\" target=\"_blank\" rel=\"noopener noreferrer\">Vi driver med opplevelsesbasert reiseliv, og har f\u00e5tt god hjelp b\u00e5de med faget, og til \u00e5 spisse s\u00f8knaden<\/a><\/li>\n<li><a href=\"https:\/\/www.helg.no\/naringsliv\/industri\/finans\/norge-trenger-ny-industri-politikk\/s\/5-24-170571\" target=\"_blank\" rel=\"noopener noreferrer\">Norge trenger ny industripolitikk<\/a><\/li>\n<li><a href=\"http:\/\/www.helg.no\/tenn-et-lys\/termik\/livet\/rort-av-giverglede\/s\/5-24-159503\" target=\"_blank\" rel=\"noopener noreferrer\">R\u00f8rt av giverglede<\/a><\/li>\n<li><a href=\"http:\/\/www.helg.no\/nyheter\/mosjoen\/mosjoen-havn\/er-sa-fornoyd-med-gjengen-i-mosjoen-at-de-like-godt-ga-dem-selskapets-hms-pris\/s\/5-24-155009\" target=\"_blank\" rel=\"noopener noreferrer\">Ga gjengen i Mosj\u00f8en HMS-pris<\/a><\/li>\n<\/ul>\n<p>&nbsp;<\/p>\n","protected":false},"excerpt":{"rendered":"<p>Linker IndustriEnergi Ukeslutt IndustriEnergi LO Alcoa LO fav\u00f8r Hovedavtalen LO &#8211; NHO Mosj\u00f8en Vefsn kommune Medieoppslag P\u00e5 et sted som Mosj\u00f8en vil hele lokalsamfunnet bli skadelidende Vi driver med opplevelsesbasert reiseliv, og har f\u00e5tt god hjelp b\u00e5de med faget, og til \u00e5 spisse s\u00f8knaden Norge trenger ny industripolitikk R\u00f8rt av giverglede Ga gjengen i Mosj\u00f8en &#8230; <a title=\"Nyttig\" class=\"read-more\" href=\"https:\/\/mkaf.no\/?page_id=685\" aria-label=\"Read more about Nyttig\">Les mer<\/a><\/p>\n","protected":false},"author":1,"featured_media":0,"parent":0,"menu_order":10,"comment_status":"closed","ping_status":"closed","template":"","meta":{"generate_page_header":"","footnotes":""},"class_list":["post-685","page","type-page","status-publish"],"_links":{"self":[{"href":"https:\/\/mkaf.no\/index.php?rest_route=\/wp\/v2\/pages\/685","targetHints":{"allow":["GET"]}}],"collection":[{"href":"https:\/\/mkaf.no\/index.php?rest_route=\/wp\/v2\/pages"}],"about":[{"href":"https:\/\/mkaf.no\/index.php?rest_route=\/wp\/v2\/types\/page"}],"author":[{"embeddable":true,"href":"https:\/\/mkaf.no\/index.php?rest_route=\/wp\/v2\/users\/1"}],"replies":[{"embeddable":true,"href":"https:\/\/mkaf.no\/index.php?rest_route=%2Fwp%2Fv2%2Fcomments&post=685"}],"version-history":[{"count":7,"href":"https:\/\/mkaf.no\/index.php?rest_route=\/wp\/v2\/pages\/685\/revisions"}],"predecessor-version":[{"id":693,"href":"https:\/\/mkaf.no\/index.php?rest_route=\/wp\/v2\/pages\/685\/revisions\/693"}],"wp:attachment":[{"href":"https:\/\/mkaf.no\/index.php?rest_route=%2Fwp%2Fv2%2Fmedia&parent=685"}],"curies":[{"name":"wp","href":"https:\/\/api.w.org\/{rel}","templated":true}]}}